{"id":674,"date":"2021-02-05T18:32:34","date_gmt":"2021-02-05T18:32:34","guid":{"rendered":"https:\/\/www.historigations.de\/portfolio\/"},"modified":"2022-02-16T14:51:14","modified_gmt":"2022-02-16T14:51:14","slug":"portfolio-3","status":"publish","type":"page","link":"https:\/\/www.historigations.de\/fr\/portfolio-3\/","title":{"rendered":"Portfolio"},"content":{"rendered":"\t\t<div data-elementor-type=\"wp-page\" data-elementor-id=\"674\" class=\"elementor elementor-674\" data-elementor-settings=\"[]\">\n\t\t\t\t\t\t<div class=\"elementor-inner\">\n\t\t\t\t\t\t\t<div class=\"elementor-section-wrap\">\n\t\t\t\t\t\t\t<section class=\"elementor-section elementor-top-section elementor-element elementor-element-c7d14bd elementor-section-height-min-height elementor-section-content-top elementor-section-boxed elementor-section-height-default elementor-section-items-middle\" data-id=\"c7d14bd\" data-element_type=\"section\" data-settings=\"{&quot;background_background&quot;:&quot;classic&quot;}\">\n\t\t\t\t\t\t\t<div class=\"elementor-background-overlay\"><\/div>\n\t\t\t\t\t\t\t<div class=\"elementor-container elementor-column-gap-no\">\n\t\t\t\t\t\t\t<div class=\"elementor-row\">\n\t\t\t\t\t<div class=\"elementor-column elementor-col-100 elementor-top-column elementor-element elementor-element-f19faa1\" data-id=\"f19faa1\" data-element_type=\"column\" data-settings=\"{&quot;background_background&quot;:&quot;classic&quot;}\">\n\t\t\t<div class=\"elementor-column-wrap elementor-element-populated\">\n\t\t\t\t\t\t\t<div class=\"elementor-widget-wrap\">\n\t\t\t\t\t\t<div class=\"elementor-element elementor-element-eecee28 elementor--h-position-center elementor--v-position-middle elementor-arrows-position-inside elementor-pagination-position-inside elementor-widget elementor-widget-slides\" data-id=\"eecee28\" data-element_type=\"widget\" data-settings=\"{&quot;navigation&quot;:&quot;both&quot;,&quot;infinite&quot;:&quot;yes&quot;,&quot;transition&quot;:&quot;slide&quot;,&quot;transition_speed&quot;:500}\" data-widget_type=\"slides.default\">\n\t\t\t\t<div class=\"elementor-widget-container\">\n\t\t\t\t\t<div class=\"elementor-swiper\">\n\t\t\t<div class=\"elementor-slides-wrapper elementor-main-swiper swiper-container\" dir=\"ltr\" data-animation=\"\">\n\t\t\t\t<div class=\"swiper-wrapper elementor-slides\">\n\t\t\t\t\t<div class=\"elementor-repeater-item-b7ba7ae swiper-slide\"><div class=\"swiper-slide-bg\"><\/div><div class=\"elementor-background-overlay\"><\/div><a class=\"swiper-slide-inner\" href=\"https:\/\/www.historigations.de\/fr\/contact\/\"><div class=\"swiper-slide-contents\"><div class=\"elementor-slide-heading\">#histoiremilitaire<\/div><div class=\"elementor-slide-description\"><p>Des arm\u00e9es permanentes des principaut\u00e9s absolutistes de la Conf\u00e9d\u00e9ration allemande \u00e0 l'arm\u00e9e de l'\u00e9poque imp\u00e9riale, la Reichswehr et la Wehrmacht, en passant par la Bundeswehr pendant la guerre froide, l'arm\u00e9e a jou\u00e9 un r\u00f4le tr\u00e8s important en Allemagne pendant des si\u00e8cles. Suite \u00e0 la Premi\u00e8re et \u00e0 la Seconde Guerre mondiale, au cours desquelles l'Allemagne a combattu plusieurs \u00c9tats europ\u00e9ens voisins, le Commonwealth et les \u00c9tats-Unis, les archives militaires des Archives f\u00e9d\u00e9rales suscitent \u00e9galement un grand int\u00e9r\u00eat \u00e0 l'\u00e9tranger. Nous sommes heureux de vous faire profiter de notre exp\u00e9rience de l'histoire militaire.<\/p>\n<\/div><div  class=\"elementor-button elementor-slide-button elementor-size-sm\">CONTACTEZ-NOUS<\/div><\/div><\/a><\/div><div class=\"elementor-repeater-item-c3ac150 swiper-slide\"><div class=\"swiper-slide-bg\"><\/div><div class=\"elementor-background-overlay\"><\/div><a class=\"swiper-slide-inner\" href=\"https:\/\/www.historigations.de\/fr\/contact\/\"><div class=\"swiper-slide-contents\"><div class=\"elementor-slide-heading\">#g\u00e9n\u00e9alogie<\/div><div class=\"elementor-slide-description\"><p>La recherche de sa propre histoire familiale est l'une des activit\u00e9s de loisirs les plus populaires, mais en m\u00eame temps les plus longues et parfois les plus complexes au monde. Nous sommes heureux de vous aider dans ce domaine en effectuant des recherches dans les archives et les documents pertinents.<\/p>\n<\/div><div  class=\"elementor-button elementor-slide-button elementor-size-sm\">CONTACTEZ-NOUS<\/div><\/div><\/a><\/div><div class=\"elementor-repeater-item-ad630fa swiper-slide\"><div class=\"swiper-slide-bg\"><\/div><div class=\"elementor-background-overlay\"><\/div><a class=\"swiper-slide-inner\" href=\"https:\/\/www.historigations.de\/fr\/contact\/\"><div class=\"swiper-slide-contents\"><div class=\"elementor-slide-heading\">#recherchedeprovenance<\/div><div class=\"elementor-slide-description\"><p>La provenance d'un objet joue aujourd'hui un r\u00f4le important, notamment pour le commerce international de l'art et des antiquit\u00e9s. Outre l'examen historique du type et de la classification chronologique, l'examen de l'histoire individuelle de l'objet contribue \u00e9galement \u00e0 clarifier la question de l'authenticit\u00e9. En \u00e9valuant les documents pertinents, nous pouvons en apprendre beaucoup sur la finalit\u00e9 de l'objet et sur son propri\u00e9taire d'origine, ce qui lui conf\u00e8re une individualit\u00e9 et une valeur r\u00e9elle. Nous vous assisterons avec plaisir dans vos recherches \u00e0 cet \u00e9gard.<\/p>\n<\/div><div  class=\"elementor-button elementor-slide-button elementor-size-sm\">CONTACTEZ-NOUS<\/div><\/div><\/a><\/div><div class=\"elementor-repeater-item-81d21c0 swiper-slide\"><div class=\"swiper-slide-bg\"><\/div><div class=\"elementor-background-overlay\"><\/div><div class=\"swiper-slide-inner\" ><div class=\"swiper-slide-contents\"><div class=\"elementor-slide-heading\">#spoliationd\u0153uvresdart<\/div><div class=\"elementor-slide-description\"><p>En particulier pendant la Seconde Guerre mondiale, de nombreux biens culturels ont \u00e9t\u00e9 perdus en Allemagne et en Europe en raison des pers\u00e9cutions et de la guerre, dont beaucoup n'ont toujours pas \u00e9t\u00e9 \u00e9lucid\u00e9s. La salle d'ambre, qui a \u00e9t\u00e9 captur\u00e9e par la Wehrmacht allemande en Russie en 1941 et dont on ignore encore l'emplacement aujourd'hui, n'en est que l'exemple le plus connu. Nous soutenons la clarification de ces pertes par des recherches dans les archives et sur place.<\/p>\n<\/div><div  class=\"elementor-button elementor-slide-button elementor-size-sm\">CONTACTEZ-NOUS<\/div><\/div><\/div><\/div><div class=\"elementor-repeater-item-b8d6e96 swiper-slide\"><div class=\"swiper-slide-bg\"><\/div><div class=\"elementor-background-overlay\"><\/div><div class=\"swiper-slide-inner\" ><div class=\"swiper-slide-contents\"><div class=\"elementor-slide-heading\">#t\u00e9moinsdel\u00e9poque<\/div><div class=\"elementor-slide-description\"><p>Alors que la recherche historique se fondait autrefois presque exclusivement sur des preuves \u00e9crites, l'histoire orale prend aujourd'hui une importance croissante. La raison en est qu'aujourd'hui, l'int\u00e9r\u00eat pour \"l'histoire d'en bas\" - l'exp\u00e9rience des petites gens - s'est accru. En votre nom, nous identifions et interrogeons des t\u00e9moins contemporains d'\u00e9v\u00e9nements historiques du pass\u00e9 r\u00e9cent qui ne sont consign\u00e9s nulle part.<\/p>\n<\/div><div  class=\"elementor-button elementor-slide-button elementor-size-sm\">CONTACTEZ-NOUS<\/div><\/div><\/div><\/div><div class=\"elementor-repeater-item-1980a1a swiper-slide\"><div class=\"swiper-slide-bg\"><\/div><div class=\"elementor-background-overlay\"><\/div><div class=\"swiper-slide-inner\" ><div class=\"swiper-slide-contents\"><div class=\"elementor-slide-heading\">#validation<\/div><div class=\"elementor-slide-description\"><p>Pour les professionnels des m\u00e9dias tels que les journalistes, les cin\u00e9astes et les auteurs qui attachent de l'importance \u00e0 une repr\u00e9sentation historiquement exacte, il est souvent difficile de v\u00e9rifier les conditions du moment. C'est l\u00e0 que nous pouvons vous aider, en recherchant et en validant les points litigieux \u00e0 l'aide de preuves \u00e9crites ou illustr\u00e9es.<\/p>\n<\/div><div  class=\"elementor-button elementor-slide-button elementor-size-sm\">CONTACTEZ-NOUS<\/div><\/div><\/div><\/div><div class=\"elementor-repeater-item-c903cab swiper-slide\"><div class=\"swiper-slide-bg\"><\/div><div class=\"elementor-background-overlay\"><\/div><div class=\"swiper-slide-inner\" ><div class=\"swiper-slide-contents\"><div class=\"elementor-slide-heading\">#expertise<\/div><div class=\"elementor-slide-description\"><p>Ce n'est que par la critique des sources et la classification chronologique que les documents historiques acqui\u00e8rent une r\u00e9elle force d'expression. En utilisant des m\u00e9thodes scientifiques standard pour les particuliers, nous analysons les documents recherch\u00e9s par rapport \u00e0 la question et vous fournissons une \u00e9valuation professionnelle au-del\u00e0 du mat\u00e9riel seul.<\/p>\n<\/div><div  class=\"elementor-button elementor-slide-button elementor-size-sm\">CONTACTEZ-NOUS<\/div><\/div><\/div><\/div><div class=\"elementor-repeater-item-201b277 swiper-slide\"><div class=\"swiper-slide-bg\"><\/div><div class=\"elementor-background-overlay\"><\/div><div class=\"swiper-slide-inner\" ><div class=\"swiper-slide-contents\"><div class=\"elementor-slide-heading\">#expos\u00e9s<\/div><div class=\"elementor-slide-description\"><p>Les \u00e9v\u00e9nements et les ateliers d'information ne servent pas seulement le travail \u00e9ducatif historique, mais augmentent \u00e9galement l'int\u00e9r\u00eat du public pour les objectifs des institutions et des associations culturelles. Nous sommes heureux de soutenir votre travail de relations publiques par des conf\u00e9rences sur des sujets historiques.<\/p>\n<\/div><div  class=\"elementor-button elementor-slide-button elementor-size-sm\">CONTACTEZ-NOUS<\/div><\/div><\/div><\/div><div class=\"elementor-repeater-item-a2400fe swiper-slide\"><div class=\"swiper-slide-bg\"><\/div><div class=\"elementor-background-overlay\"><\/div><div class=\"swiper-slide-inner\" ><div class=\"swiper-slide-contents\"><div class=\"elementor-slide-heading\">#h\u00e9ritage<\/div><div class=\"elementor-slide-description\"><p>Qu'il s'agisse de la d\u00e9couverte d'un march\u00e9 aux puces ou d'un grenier, de la d\u00e9couverte d'archives ou des papiers secrets de la grand-m\u00e8re : Les legs constituent une source importante pour les chercheurs de toutes les nuances, mais ils sont souvent peu organis\u00e9s. Nous sommes heureux de relever le d\u00e9fi, en passant au crible et en cataloguant les stocks de films, de photos, de lettres, de documents, de journaux intimes et d'autres h\u00e9ritages qui subsistent.<\/p>\n<\/div><div  class=\"elementor-button elementor-slide-button elementor-size-sm\">CONTACTEZ-NOUS<\/div><\/div><\/div><\/div>\t\t\t\t<\/div>\n\t\t\t\t\t\t\t\t\t\t\t\t\t\t\t<div class=\"swiper-pagination\"><\/div>\n\t\t\t\t\t\t\t\t\t\t\t\t\t\t\t\t<div class=\"elementor-swiper-button elementor-swiper-button-prev\">\n\t\t\t\t\t\t\t<i class=\"eicon-chevron-left\" aria-hidden=\"true\"><\/i>\n\t\t\t\t\t\t\t<span class=\"elementor-screen-only\">Pr\u00e9c\u00e9dent<\/span>\n\t\t\t\t\t\t<\/div>\n\t\t\t\t\t\t<div class=\"elementor-swiper-button elementor-swiper-button-next\">\n\t\t\t\t\t\t\t<i class=\"eicon-chevron-right\" aria-hidden=\"true\"><\/i>\n\t\t\t\t\t\t\t<span class=\"elementor-screen-only\">Suivant<\/span>\n\t\t\t\t\t\t<\/div>\n\t\t\t\t\t\t\t\t\t\t\t\t<\/div>\n\t\t<\/div>\n\t\t\t\t<\/div>\n\t\t\t\t<\/div>\n\t\t\t\t\t\t<\/div>\n\t\t\t\t\t<\/div>\n\t\t<\/div>\n\t\t\t\t\t\t\t\t<\/div>\n\t\t\t\t\t<\/div>\n\t\t<\/section>\n\t\t\t\t\t\t<\/div>\n\t\t\t\t\t\t<\/div>\n\t\t\t\t\t<\/div>\n\t\t","protected":false},"excerpt":{"rendered":"<p>#histoiremilitaire Des arm\u00e9es permanentes des principaut\u00e9s absolutistes de la Conf\u00e9d\u00e9ration allemande \u00e0 l&rsquo;arm\u00e9e de l&rsquo;\u00e9poque imp\u00e9riale, la Reichswehr et la Wehrmacht, en passant par la Bundeswehr pendant la guerre froide, l&rsquo;arm\u00e9e a jou\u00e9 un r\u00f4le tr\u00e8s important en Allemagne pendant des si\u00e8cles. Suite \u00e0 la Premi\u00e8re et \u00e0 la Seconde Guerre mondiale, au cours desquelles [&hellip;]<\/p>\n","protected":false},"author":1,"featured_media":0,"parent":0,"menu_order":0,"comment_status":"closed","ping_status":"closed","template":"elementor_header_footer","meta":{"footnotes":""},"class_list":["post-674","page","type-page","status-publish","hentry"],"yoast_head":"<!-- This site is optimized with the Yoast SEO plugin v19.9 - https:\/\/yoast.com\/wordpress\/plugins\/seo\/ -->\n<title>HISTORIGATIONS \u2013 IHR RECHERCHEDIENST IM BUNDESARCHIV | Portfolio<\/title>\n<meta name=\"robots\" content=\"index, follow, max-snippet:-1, max-image-preview:large, max-video-preview:-1\" \/>\n<link rel=\"canonical\" href=\"https:\/\/www.historigations.de\/fr\/portfolio-3\/\" \/>\n<meta property=\"og:locale\" content=\"fr_FR\" \/>\n<meta property=\"og:type\" content=\"article\" \/>\n<meta property=\"og:title\" content=\"HISTORIGATIONS \u2013 IHR RECHERCHEDIENST IM BUNDESARCHIV | Portfolio\" \/>\n<meta property=\"og:description\" content=\"#histoiremilitaire Des arm\u00e9es permanentes des principaut\u00e9s absolutistes de la Conf\u00e9d\u00e9ration allemande \u00e0 l&rsquo;arm\u00e9e de l&rsquo;\u00e9poque imp\u00e9riale, la Reichswehr et la Wehrmacht, en passant par la Bundeswehr pendant la guerre froide, l&rsquo;arm\u00e9e a jou\u00e9 un r\u00f4le tr\u00e8s important en Allemagne pendant des si\u00e8cles. Suite \u00e0 la Premi\u00e8re et \u00e0 la Seconde Guerre mondiale, au cours desquelles [&hellip;]\" \/>\n<meta property=\"og:url\" content=\"https:\/\/www.historigations.de\/fr\/portfolio-3\/\" \/>\n<meta property=\"og:site_name\" content=\"HISTORIGATIONS \u2013 IHR RECHERCHEDIENST IM BUNDESARCHIV\" \/>\n<meta property=\"article:publisher\" content=\"https:\/\/www.facebook.com\/Historigations\" \/>\n<meta property=\"article:modified_time\" content=\"2022-02-16T14:51:14+00:00\" \/>\n<meta name=\"twitter:card\" content=\"summary_large_image\" \/>\n<script type=\"application\/ld+json\" class=\"yoast-schema-graph\">{\"@context\":\"https:\/\/schema.org\",\"@graph\":[{\"@type\":\"WebPage\",\"@id\":\"https:\/\/www.historigations.de\/fr\/portfolio-3\/\",\"url\":\"https:\/\/www.historigations.de\/fr\/portfolio-3\/\",\"name\":\"HISTORIGATIONS \u2013 IHR RECHERCHEDIENST IM BUNDESARCHIV | Portfolio\",\"isPartOf\":{\"@id\":\"https:\/\/www.historigations.de\/#website\"},\"datePublished\":\"2021-02-05T18:32:34+00:00\",\"dateModified\":\"2022-02-16T14:51:14+00:00\",\"breadcrumb\":{\"@id\":\"https:\/\/www.historigations.de\/fr\/portfolio-3\/#breadcrumb\"},\"inLanguage\":\"fr-FR\",\"potentialAction\":[{\"@type\":\"ReadAction\",\"target\":[\"https:\/\/www.historigations.de\/fr\/portfolio-3\/\"]}]},{\"@type\":\"BreadcrumbList\",\"@id\":\"https:\/\/www.historigations.de\/fr\/portfolio-3\/#breadcrumb\",\"itemListElement\":[{\"@type\":\"ListItem\",\"position\":1,\"name\":\"Startseite\",\"item\":\"https:\/\/www.historigations.de\/fr\/\"},{\"@type\":\"ListItem\",\"position\":2,\"name\":\"Portfolio\"}]},{\"@type\":\"WebSite\",\"@id\":\"https:\/\/www.historigations.de\/#website\",\"url\":\"https:\/\/www.historigations.de\/\",\"name\":\"HISTORIGATIONS \u2013 IHR RECHERCHEDIENST IM BUNDESARCHIV\",\"description\":\"Historigations, specialized in unknown history!\",\"publisher\":{\"@id\":\"https:\/\/www.historigations.de\/#organization\"},\"potentialAction\":[{\"@type\":\"SearchAction\",\"target\":{\"@type\":\"EntryPoint\",\"urlTemplate\":\"https:\/\/www.historigations.de\/?s={search_term_string}\"},\"query-input\":\"required name=search_term_string\"}],\"inLanguage\":\"fr-FR\"},{\"@type\":\"Organization\",\"@id\":\"https:\/\/www.historigations.de\/#organization\",\"name\":\"Historigations\",\"url\":\"https:\/\/www.historigations.de\/\",\"logo\":{\"@type\":\"ImageObject\",\"inLanguage\":\"fr-FR\",\"@id\":\"https:\/\/www.historigations.de\/#\/schema\/logo\/image\/\",\"url\":\"https:\/\/www.historigations.de\/wp-content\/uploads\/2021\/01\/historigations_logo.png\",\"contentUrl\":\"https:\/\/www.historigations.de\/wp-content\/uploads\/2021\/01\/historigations_logo.png\",\"width\":526,\"height\":217,\"caption\":\"Historigations\"},\"image\":{\"@id\":\"https:\/\/www.historigations.de\/#\/schema\/logo\/image\/\"},\"sameAs\":[\"https:\/\/www.instagram.com\/historigations\/\",\"https:\/\/www.facebook.com\/Historigations\"]}]}<\/script>\n<!-- \/ Yoast SEO plugin. -->","yoast_head_json":{"title":"HISTORIGATIONS \u2013 IHR RECHERCHEDIENST IM BUNDESARCHIV | Portfolio","robots":{"index":"index","follow":"follow","max-snippet":"max-snippet:-1","max-image-preview":"max-image-preview:large","max-video-preview":"max-video-preview:-1"},"canonical":"https:\/\/www.historigations.de\/fr\/portfolio-3\/","og_locale":"fr_FR","og_type":"article","og_title":"HISTORIGATIONS \u2013 IHR RECHERCHEDIENST IM BUNDESARCHIV | Portfolio","og_description":"#histoiremilitaire Des arm\u00e9es permanentes des principaut\u00e9s absolutistes de la Conf\u00e9d\u00e9ration allemande \u00e0 l&rsquo;arm\u00e9e de l&rsquo;\u00e9poque imp\u00e9riale, la Reichswehr et la Wehrmacht, en passant par la Bundeswehr pendant la guerre froide, l&rsquo;arm\u00e9e a jou\u00e9 un r\u00f4le tr\u00e8s important en Allemagne pendant des si\u00e8cles. Suite \u00e0 la Premi\u00e8re et \u00e0 la Seconde Guerre mondiale, au cours desquelles [&hellip;]","og_url":"https:\/\/www.historigations.de\/fr\/portfolio-3\/","og_site_name":"HISTORIGATIONS \u2013 IHR RECHERCHEDIENST IM BUNDESARCHIV","article_publisher":"https:\/\/www.facebook.com\/Historigations","article_modified_time":"2022-02-16T14:51:14+00:00","twitter_card":"summary_large_image","schema":{"@context":"https:\/\/schema.org","@graph":[{"@type":"WebPage","@id":"https:\/\/www.historigations.de\/fr\/portfolio-3\/","url":"https:\/\/www.historigations.de\/fr\/portfolio-3\/","name":"HISTORIGATIONS \u2013 IHR RECHERCHEDIENST IM BUNDESARCHIV | Portfolio","isPartOf":{"@id":"https:\/\/www.historigations.de\/#website"},"datePublished":"2021-02-05T18:32:34+00:00","dateModified":"2022-02-16T14:51:14+00:00","breadcrumb":{"@id":"https:\/\/www.historigations.de\/fr\/portfolio-3\/#breadcrumb"},"inLanguage":"fr-FR","potentialAction":[{"@type":"ReadAction","target":["https:\/\/www.historigations.de\/fr\/portfolio-3\/"]}]},{"@type":"BreadcrumbList","@id":"https:\/\/www.historigations.de\/fr\/portfolio-3\/#breadcrumb","itemListElement":[{"@type":"ListItem","position":1,"name":"Startseite","item":"https:\/\/www.historigations.de\/fr\/"},{"@type":"ListItem","position":2,"name":"Portfolio"}]},{"@type":"WebSite","@id":"https:\/\/www.historigations.de\/#website","url":"https:\/\/www.historigations.de\/","name":"HISTORIGATIONS \u2013 IHR RECHERCHEDIENST IM BUNDESARCHIV","description":"Historigations, specialized in unknown history!","publisher":{"@id":"https:\/\/www.historigations.de\/#organization"},"potentialAction":[{"@type":"SearchAction","target":{"@type":"EntryPoint","urlTemplate":"https:\/\/www.historigations.de\/?s={search_term_string}"},"query-input":"required name=search_term_string"}],"inLanguage":"fr-FR"},{"@type":"Organization","@id":"https:\/\/www.historigations.de\/#organization","name":"Historigations","url":"https:\/\/www.historigations.de\/","logo":{"@type":"ImageObject","inLanguage":"fr-FR","@id":"https:\/\/www.historigations.de\/#\/schema\/logo\/image\/","url":"https:\/\/www.historigations.de\/wp-content\/uploads\/2021\/01\/historigations_logo.png","contentUrl":"https:\/\/www.historigations.de\/wp-content\/uploads\/2021\/01\/historigations_logo.png","width":526,"height":217,"caption":"Historigations"},"image":{"@id":"https:\/\/www.historigations.de\/#\/schema\/logo\/image\/"},"sameAs":["https:\/\/www.instagram.com\/historigations\/","https:\/\/www.facebook.com\/Historigations"]}]}},"_links":{"self":[{"href":"https:\/\/www.historigations.de\/fr\/wp-json\/wp\/v2\/pages\/674","targetHints":{"allow":["GET"]}}],"collection":[{"href":"https:\/\/www.historigations.de\/fr\/wp-json\/wp\/v2\/pages"}],"about":[{"href":"https:\/\/www.historigations.de\/fr\/wp-json\/wp\/v2\/types\/page"}],"author":[{"embeddable":true,"href":"https:\/\/www.historigations.de\/fr\/wp-json\/wp\/v2\/users\/1"}],"replies":[{"embeddable":true,"href":"https:\/\/www.historigations.de\/fr\/wp-json\/wp\/v2\/comments?post=674"}],"version-history":[{"count":15,"href":"https:\/\/www.historigations.de\/fr\/wp-json\/wp\/v2\/pages\/674\/revisions"}],"predecessor-version":[{"id":1400,"href":"https:\/\/www.historigations.de\/fr\/wp-json\/wp\/v2\/pages\/674\/revisions\/1400"}],"wp:attachment":[{"href":"https:\/\/www.historigations.de\/fr\/wp-json\/wp\/v2\/media?parent=674"}],"curies":[{"name":"wp","href":"https:\/\/api.w.org\/{rel}","templated":true}]}}