{"id":701,"date":"2021-02-05T18:51:39","date_gmt":"2021-02-05T18:51:39","guid":{"rendered":"https:\/\/www.historigations.de\/contact\/"},"modified":"2022-02-16T14:53:50","modified_gmt":"2022-02-16T14:53:50","slug":"contact","status":"publish","type":"page","link":"https:\/\/www.historigations.de\/fr\/contact\/","title":{"rendered":"Contact"},"content":{"rendered":"\t\t<div data-elementor-type=\"wp-page\" data-elementor-id=\"701\" class=\"elementor elementor-701\" data-elementor-settings=\"[]\">\n\t\t\t\t\t\t<div class=\"elementor-inner\">\n\t\t\t\t\t\t\t<div class=\"elementor-section-wrap\">\n\t\t\t\t\t\t\t<section class=\"elementor-section elementor-top-section elementor-element elementor-element-80bad59 elementor-section-height-min-height elementor-section-content-top elementor-section-boxed elementor-section-height-default elementor-section-items-middle\" data-id=\"80bad59\" data-element_type=\"section\" data-settings=\"{&quot;background_background&quot;:&quot;classic&quot;}\">\n\t\t\t\t\t\t\t<div class=\"elementor-background-overlay\"><\/div>\n\t\t\t\t\t\t\t<div class=\"elementor-container elementor-column-gap-no\">\n\t\t\t\t\t\t\t<div class=\"elementor-row\">\n\t\t\t\t\t<div class=\"elementor-column elementor-col-33 elementor-top-column elementor-element elementor-element-5402936\" data-id=\"5402936\" data-element_type=\"column\" data-settings=\"{&quot;background_background&quot;:&quot;classic&quot;}\">\n\t\t\t<div class=\"elementor-column-wrap\">\n\t\t\t\t\t\t\t<div class=\"elementor-widget-wrap\">\n\t\t\t\t\t\t\t\t<\/div>\n\t\t\t\t\t<\/div>\n\t\t<\/div>\n\t\t\t\t<div class=\"elementor-column elementor-col-33 elementor-top-column elementor-element elementor-element-ccfb195\" data-id=\"ccfb195\" data-element_type=\"column\">\n\t\t\t<div class=\"elementor-column-wrap elementor-element-populated\">\n\t\t\t\t\t\t\t<div class=\"elementor-widget-wrap\">\n\t\t\t\t\t\t<div class=\"elementor-element elementor-element-e75db44 elementor-widget elementor-widget-premium-contact-form\" data-id=\"e75db44\" data-element_type=\"widget\" data-widget_type=\"premium-contact-form.default\">\n\t\t\t\t<div class=\"elementor-widget-container\">\n\t\t\t\n\t\t\t<div class=\"premium-cf7-container\">\n\t\t\t\t<div role=\"form\" class=\"wpcf7\" id=\"wpcf7-f785-o1\" lang=\"de-DE\" dir=\"ltr\">\n<div class=\"screen-reader-response\"><p role=\"status\" aria-live=\"polite\" aria-atomic=\"true\"><\/p> <ul><\/ul><\/div>\n<form action=\"\/fr\/wp-json\/wp\/v2\/pages\/701#wpcf7-f785-o1\" method=\"post\" class=\"wpcf7-form init\" enctype=\"multipart\/form-data\" novalidate=\"novalidate\" data-status=\"init\">\n<div style=\"display: none;\">\n<input type=\"hidden\" name=\"_wpcf7\" value=\"785\" \/>\n<input type=\"hidden\" name=\"_wpcf7_version\" value=\"5.6.4\" \/>\n<input type=\"hidden\" name=\"_wpcf7_locale\" value=\"de_DE\" \/>\n<input type=\"hidden\" name=\"_wpcf7_unit_tag\" value=\"wpcf7-f785-o1\" \/>\n<input type=\"hidden\" name=\"_wpcf7_container_post\" value=\"0\" \/>\n<input type=\"hidden\" name=\"_wpcf7_posted_data_hash\" value=\"\" \/>\n<\/div>\n<p><span class=\"wpcf7-form-control-wrap\" data-name=\"Anrede\"><input type=\"text\" name=\"Anrede\" value=\"\" size=\"40\" class=\"wpcf7-form-control wpcf7-text wpcf7-validates-as-required\" aria-required=\"true\" aria-invalid=\"false\" placeholder=\"titre*\" \/><\/span><\/p>\n<p><span class=\"wpcf7-form-control-wrap\" data-name=\"Vorname\"><input type=\"text\" name=\"Vorname\" value=\"\" size=\"40\" class=\"wpcf7-form-control wpcf7-text wpcf7-validates-as-required\" aria-required=\"true\" aria-invalid=\"false\" placeholder=\"pr\u00e9nom*\" \/><\/span><\/p>\n<p><span class=\"wpcf7-form-control-wrap\" data-name=\"Name\"><input type=\"text\" name=\"Name\" value=\"\" size=\"40\" class=\"wpcf7-form-control wpcf7-text wpcf7-validates-as-required\" aria-required=\"true\" aria-invalid=\"false\" placeholder=\"nom de famille*\" \/><\/span><\/p>\n<p><span class=\"wpcf7-form-control-wrap\" data-name=\"Email\"><input type=\"email\" name=\"Email\" value=\"\" size=\"40\" class=\"wpcf7-form-control wpcf7-text wpcf7-email wpcf7-validates-as-required wpcf7-validates-as-email\" aria-required=\"true\" aria-invalid=\"false\" placeholder=\"courriel*\" \/><\/span><\/p>\n<p><span class=\"wpcf7-form-control-wrap\" data-name=\"StraeHausnummer\"><input type=\"text\" name=\"StraeHausnummer\" value=\"\" size=\"40\" class=\"wpcf7-form-control wpcf7-text\" aria-invalid=\"false\" placeholder=\"rue, num\u00e9ro de la maison\" \/><\/span><\/p>\n<p><span class=\"wpcf7-form-control-wrap\" data-name=\"PLZ\"><input type=\"text\" name=\"PLZ\" value=\"\" size=\"40\" class=\"wpcf7-form-control wpcf7-text\" aria-invalid=\"false\" placeholder=\"code postal\" \/><\/span><\/p>\n<p><span class=\"wpcf7-form-control-wrap\" data-name=\"Ort\"><input type=\"text\" name=\"Ort\" value=\"\" size=\"40\" class=\"wpcf7-form-control wpcf7-text\" aria-invalid=\"false\" placeholder=\"ville\" \/><\/span><\/p>\n<p><span class=\"wpcf7-form-control-wrap\" data-name=\"Land\"><input type=\"text\" name=\"Land\" value=\"\" size=\"40\" class=\"wpcf7-form-control wpcf7-text\" aria-invalid=\"false\" placeholder=\"pays\" \/><\/span><\/p>\n<p><span class=\"wpcf7-form-control-wrap\" data-name=\"Betreff\"><input type=\"text\" name=\"Betreff\" value=\"\" size=\"40\" class=\"wpcf7-form-control wpcf7-text wpcf7-validates-as-required\" aria-required=\"true\" aria-invalid=\"false\" placeholder=\"sujet*\" \/><\/span><\/p>\n<p><span class=\"wpcf7-form-control-wrap\" data-name=\"Nachricht\"><textarea name=\"Nachricht\" cols=\"40\" rows=\"10\" class=\"wpcf7-form-control wpcf7-textarea\" aria-invalid=\"false\" placeholder=\"message*\"><\/textarea><\/span><\/p>\n<p><span class=\"wpcf7-form-control-wrap\" data-name=\"Anlagen-Uploadbis5MB\"><input type=\"file\" name=\"Anlagen-Uploadbis5MB\" size=\"40\" class=\"wpcf7-form-control wpcf7-file\" accept=\"audio\/*,video\/*,image\/*\" aria-invalid=\"false\" \/><\/span><\/p>\n<p>Veuillez nous envoyer les pi\u00e8ces jointes de plus de 5 Mo par<a href=\"https:\/\/wetransfer.com\/\" target=\"_blank\" rel=\"noreferrer noopener\"> transfert humide<\/a> .<br \/>\n<span id=\"wpcf7-69f464e9b9e48-wrapper\" class=\"wpcf7-form-control-wrap honeypot-124-wrap\" style=\"display:none !important; visibility:hidden !important;\"><label for=\"wpcf7-69f464e9b9e48-field\" class=\"hp-message\">Veuillez laisser ce champ vide.<\/label><input id=\"wpcf7-69f464e9b9e48-field\"  class=\"wpcf7-form-control wpcf7-text\" type=\"text\" name=\"honeypot-124\" value=\"\" size=\"40\" tabindex=\"-1\" autocomplete=\"new-password\" \/><\/span><br \/>\nJ'ai lu et compris la politique de confidentialit\u00e9.<br \/>\n<span class=\"wpcf7-form-control-wrap\" data-name=\"acceptance-758\"><span class=\"wpcf7-form-control wpcf7-acceptance\"><span class=\"wpcf7-list-item\"><label><input type=\"checkbox\" name=\"acceptance-758\" value=\"1\" aria-invalid=\"false\" \/><span class=\"wpcf7-list-item-label\"><a href=\"https:\/\/www.historigations.de\/datenschutz\/\" target=\"_blank\" rel=\"noreferrer noopener\">Protection des donn\u00e9es<\/a><\/span><\/label><\/span><\/span><\/span><\/p>\n<p><input type=\"submit\" value=\"ENVOYEZ\" class=\"wpcf7-form-control has-spinner wpcf7-submit\" \/><\/p>\n<div class=\"wpcf7-response-output\" aria-hidden=\"true\"><\/div><\/form><\/div>\t\t\t<\/div>\n\n\t\t\t\t\t<\/div>\n\t\t\t\t<\/div>\n\t\t\t\t\t\t<\/div>\n\t\t\t\t\t<\/div>\n\t\t<\/div>\n\t\t\t\t<div class=\"elementor-column elementor-col-33 elementor-top-column elementor-element elementor-element-76797ba\" data-id=\"76797ba\" data-element_type=\"column\">\n\t\t\t<div class=\"elementor-column-wrap\">\n\t\t\t\t\t\t\t<div class=\"elementor-widget-wrap\">\n\t\t\t\t\t\t\t\t<\/div>\n\t\t\t\t\t<\/div>\n\t\t<\/div>\n\t\t\t\t\t\t\t\t<\/div>\n\t\t\t\t\t<\/div>\n\t\t<\/section>\n\t\t\t\t\t\t<\/div>\n\t\t\t\t\t\t<\/div>\n\t\t\t\t\t<\/div>\n\t\t","protected":false},"excerpt":{"rendered":"<p>Veuillez nous envoyer les pi\u00e8ces jointes de plus de 5 Mo par transfert humide . J&rsquo;ai lu et compris la politique de confidentialit\u00e9. Protection des donn\u00e9es<\/p>\n","protected":false},"author":1,"featured_media":0,"parent":0,"menu_order":0,"comment_status":"closed","ping_status":"closed","template":"elementor_header_footer","meta":{"footnotes":""},"class_list":["post-701","page","type-page","status-publish","hentry"],"yoast_head":"<!-- This site is optimized with the Yoast SEO plugin v19.9 - https:\/\/yoast.com\/wordpress\/plugins\/seo\/ -->\n<title>HISTORIGATIONS \u2013 IHR RECHERCHEDIENST IM BUNDESARCHIV | Contact<\/title>\n<meta name=\"robots\" content=\"index, follow, max-snippet:-1, max-image-preview:large, max-video-preview:-1\" \/>\n<link rel=\"canonical\" href=\"https:\/\/www.historigations.de\/fr\/contact\/\" \/>\n<meta property=\"og:locale\" content=\"fr_FR\" \/>\n<meta property=\"og:type\" content=\"article\" \/>\n<meta property=\"og:title\" content=\"HISTORIGATIONS \u2013 IHR RECHERCHEDIENST IM BUNDESARCHIV | Contact\" \/>\n<meta property=\"og:description\" content=\"Veuillez nous envoyer les pi\u00e8ces jointes de plus de 5 Mo par transfert humide . J&rsquo;ai lu et compris la politique de confidentialit\u00e9. Protection des donn\u00e9es\" \/>\n<meta property=\"og:url\" content=\"https:\/\/www.historigations.de\/fr\/contact\/\" \/>\n<meta property=\"og:site_name\" content=\"HISTORIGATIONS \u2013 IHR RECHERCHEDIENST IM BUNDESARCHIV\" \/>\n<meta property=\"article:publisher\" content=\"https:\/\/www.facebook.com\/Historigations\" \/>\n<meta property=\"article:modified_time\" content=\"2022-02-16T14:53:50+00:00\" \/>\n<meta name=\"twitter:card\" content=\"summary_large_image\" \/>\n<script type=\"application\/ld+json\" class=\"yoast-schema-graph\">{\"@context\":\"https:\/\/schema.org\",\"@graph\":[{\"@type\":\"WebPage\",\"@id\":\"https:\/\/www.historigations.de\/fr\/contact\/\",\"url\":\"https:\/\/www.historigations.de\/fr\/contact\/\",\"name\":\"HISTORIGATIONS \u2013 IHR RECHERCHEDIENST IM BUNDESARCHIV | Contact\",\"isPartOf\":{\"@id\":\"https:\/\/www.historigations.de\/#website\"},\"datePublished\":\"2021-02-05T18:51:39+00:00\",\"dateModified\":\"2022-02-16T14:53:50+00:00\",\"breadcrumb\":{\"@id\":\"https:\/\/www.historigations.de\/fr\/contact\/#breadcrumb\"},\"inLanguage\":\"fr-FR\",\"potentialAction\":[{\"@type\":\"ReadAction\",\"target\":[\"https:\/\/www.historigations.de\/fr\/contact\/\"]}]},{\"@type\":\"BreadcrumbList\",\"@id\":\"https:\/\/www.historigations.de\/fr\/contact\/#breadcrumb\",\"itemListElement\":[{\"@type\":\"ListItem\",\"position\":1,\"name\":\"Startseite\",\"item\":\"https:\/\/www.historigations.de\/fr\/\"},{\"@type\":\"ListItem\",\"position\":2,\"name\":\"Contact\"}]},{\"@type\":\"WebSite\",\"@id\":\"https:\/\/www.historigations.de\/#website\",\"url\":\"https:\/\/www.historigations.de\/\",\"name\":\"HISTORIGATIONS \u2013 IHR RECHERCHEDIENST IM BUNDESARCHIV\",\"description\":\"Historigations, specialized in unknown history!\",\"publisher\":{\"@id\":\"https:\/\/www.historigations.de\/#organization\"},\"potentialAction\":[{\"@type\":\"SearchAction\",\"target\":{\"@type\":\"EntryPoint\",\"urlTemplate\":\"https:\/\/www.historigations.de\/?s={search_term_string}\"},\"query-input\":\"required name=search_term_string\"}],\"inLanguage\":\"fr-FR\"},{\"@type\":\"Organization\",\"@id\":\"https:\/\/www.historigations.de\/#organization\",\"name\":\"Historigations\",\"url\":\"https:\/\/www.historigations.de\/\",\"logo\":{\"@type\":\"ImageObject\",\"inLanguage\":\"fr-FR\",\"@id\":\"https:\/\/www.historigations.de\/#\/schema\/logo\/image\/\",\"url\":\"https:\/\/www.historigations.de\/wp-content\/uploads\/2021\/01\/historigations_logo.png\",\"contentUrl\":\"https:\/\/www.historigations.de\/wp-content\/uploads\/2021\/01\/historigations_logo.png\",\"width\":526,\"height\":217,\"caption\":\"Historigations\"},\"image\":{\"@id\":\"https:\/\/www.historigations.de\/#\/schema\/logo\/image\/\"},\"sameAs\":[\"https:\/\/www.instagram.com\/historigations\/\",\"https:\/\/www.facebook.com\/Historigations\"]}]}<\/script>\n<!-- \/ Yoast SEO plugin. -->","yoast_head_json":{"title":"HISTORIGATIONS \u2013 IHR RECHERCHEDIENST IM BUNDESARCHIV | Contact","robots":{"index":"index","follow":"follow","max-snippet":"max-snippet:-1","max-image-preview":"max-image-preview:large","max-video-preview":"max-video-preview:-1"},"canonical":"https:\/\/www.historigations.de\/fr\/contact\/","og_locale":"fr_FR","og_type":"article","og_title":"HISTORIGATIONS \u2013 IHR RECHERCHEDIENST IM BUNDESARCHIV | Contact","og_description":"Veuillez nous envoyer les pi\u00e8ces jointes de plus de 5 Mo par transfert humide . J&rsquo;ai lu et compris la politique de confidentialit\u00e9. Protection des donn\u00e9es","og_url":"https:\/\/www.historigations.de\/fr\/contact\/","og_site_name":"HISTORIGATIONS \u2013 IHR RECHERCHEDIENST IM BUNDESARCHIV","article_publisher":"https:\/\/www.facebook.com\/Historigations","article_modified_time":"2022-02-16T14:53:50+00:00","twitter_card":"summary_large_image","schema":{"@context":"https:\/\/schema.org","@graph":[{"@type":"WebPage","@id":"https:\/\/www.historigations.de\/fr\/contact\/","url":"https:\/\/www.historigations.de\/fr\/contact\/","name":"HISTORIGATIONS \u2013 IHR RECHERCHEDIENST IM BUNDESARCHIV | Contact","isPartOf":{"@id":"https:\/\/www.historigations.de\/#website"},"datePublished":"2021-02-05T18:51:39+00:00","dateModified":"2022-02-16T14:53:50+00:00","breadcrumb":{"@id":"https:\/\/www.historigations.de\/fr\/contact\/#breadcrumb"},"inLanguage":"fr-FR","potentialAction":[{"@type":"ReadAction","target":["https:\/\/www.historigations.de\/fr\/contact\/"]}]},{"@type":"BreadcrumbList","@id":"https:\/\/www.historigations.de\/fr\/contact\/#breadcrumb","itemListElement":[{"@type":"ListItem","position":1,"name":"Startseite","item":"https:\/\/www.historigations.de\/fr\/"},{"@type":"ListItem","position":2,"name":"Contact"}]},{"@type":"WebSite","@id":"https:\/\/www.historigations.de\/#website","url":"https:\/\/www.historigations.de\/","name":"HISTORIGATIONS \u2013 IHR RECHERCHEDIENST IM BUNDESARCHIV","description":"Historigations, specialized in unknown history!","publisher":{"@id":"https:\/\/www.historigations.de\/#organization"},"potentialAction":[{"@type":"SearchAction","target":{"@type":"EntryPoint","urlTemplate":"https:\/\/www.historigations.de\/?s={search_term_string}"},"query-input":"required name=search_term_string"}],"inLanguage":"fr-FR"},{"@type":"Organization","@id":"https:\/\/www.historigations.de\/#organization","name":"Historigations","url":"https:\/\/www.historigations.de\/","logo":{"@type":"ImageObject","inLanguage":"fr-FR","@id":"https:\/\/www.historigations.de\/#\/schema\/logo\/image\/","url":"https:\/\/www.historigations.de\/wp-content\/uploads\/2021\/01\/historigations_logo.png","contentUrl":"https:\/\/www.historigations.de\/wp-content\/uploads\/2021\/01\/historigations_logo.png","width":526,"height":217,"caption":"Historigations"},"image":{"@id":"https:\/\/www.historigations.de\/#\/schema\/logo\/image\/"},"sameAs":["https:\/\/www.instagram.com\/historigations\/","https:\/\/www.facebook.com\/Historigations"]}]}},"_links":{"self":[{"href":"https:\/\/www.historigations.de\/fr\/wp-json\/wp\/v2\/pages\/701","targetHints":{"allow":["GET"]}}],"collection":[{"href":"https:\/\/www.historigations.de\/fr\/wp-json\/wp\/v2\/pages"}],"about":[{"href":"https:\/\/www.historigations.de\/fr\/wp-json\/wp\/v2\/types\/page"}],"author":[{"embeddable":true,"href":"https:\/\/www.historigations.de\/fr\/wp-json\/wp\/v2\/users\/1"}],"replies":[{"embeddable":true,"href":"https:\/\/www.historigations.de\/fr\/wp-json\/wp\/v2\/comments?post=701"}],"version-history":[{"count":16,"href":"https:\/\/www.historigations.de\/fr\/wp-json\/wp\/v2\/pages\/701\/revisions"}],"predecessor-version":[{"id":1409,"href":"https:\/\/www.historigations.de\/fr\/wp-json\/wp\/v2\/pages\/701\/revisions\/1409"}],"wp:attachment":[{"href":"https:\/\/www.historigations.de\/fr\/wp-json\/wp\/v2\/media?parent=701"}],"curies":[{"name":"wp","href":"https:\/\/api.w.org\/{rel}","templated":true}]}}